{"id":3586,"date":"2020-04-16T17:16:18","date_gmt":"2020-04-16T15:16:18","guid":{"rendered":"https:\/\/actiontank.org\/?page_id=3586"},"modified":"2024-11-19T17:05:31","modified_gmt":"2024-11-19T16:05:31","slug":"ecosysteme-action-tank-2","status":"publish","type":"page","link":"https:\/\/actiontank.org\/en\/laction-tank\/our-ecosystem\/","title":{"rendered":"Our ecosystem"},"content":{"rendered":"<div class=\"wpb-content-wrapper\"><p>[vc_row][vc_column][vc_separator color=&#8221;white&#8221;][vc_row_inner][vc_column_inner][vc_single_image image=&#8221;2076&#8243; img_size=&#8221;thumbnailfull&#8221; alignment=&#8221;center&#8221;][vc_column_text]<\/p>\n<h2>Action Tank Entreprise et Pauvret\u00e9 &#8211; partners &#8216;ecosystem&#8217;<\/h2>\n<p>[\/vc_column_text][\/vc_column_inner][\/vc_row_inner][vc_row_inner][vc_column_inner][vc_column_text]<img loading=\"lazy\" decoding=\"async\" class=\"alignnone size-full wp-image-4066\" src=\"http:\/\/actiontank.org\/at-content\/uploads\/2022\/01\/ecosysteme-complet-2.png\" alt=\"\" width=\"3412\" height=\"2475\" srcset=\"https:\/\/actiontank.org\/at-content\/uploads\/2022\/01\/ecosysteme-complet-2.png 3412w, https:\/\/actiontank.org\/at-content\/uploads\/2022\/01\/ecosysteme-complet-2-300x218.png 300w, https:\/\/actiontank.org\/at-content\/uploads\/2022\/01\/ecosysteme-complet-2-1024x743.png 1024w, https:\/\/actiontank.org\/at-content\/uploads\/2022\/01\/ecosysteme-complet-2-768x557.png 768w, https:\/\/actiontank.org\/at-content\/uploads\/2022\/01\/ecosysteme-complet-2-1536x1114.png 1536w, https:\/\/actiontank.org\/at-content\/uploads\/2022\/01\/ecosysteme-complet-2-2048x1486.png 2048w\" sizes=\"(max-width: 3412px) 100vw, 3412px\" \/>[\/vc_column_text][vc_column_text]Pour voir cette image en grand, <a href=\"http:\/\/actiontank.org\/at-content\/uploads\/2021\/04\/Action-Tank-EP-6-7.jpg\">cliquez ici<\/a>.[\/vc_column_text][\/vc_column_inner][\/vc_row_inner][vc_row_inner equal_height=&#8221;yes&#8221;][vc_column_inner][vc_separator color=&#8221;white&#8221;][vc_column_text]<\/p>\n<h4><strong><span style=\"color: #ed1936;\">LES MEMBRES DE L&#8217;ACTION TANK<br \/>\n<\/span><\/strong><\/h4>\n<p>[\/vc_column_text][vc_column_text css=&#8221;.vc_custom_1642699148068{border-top-width: 2px !important;border-right-width: 2px !important;border-bottom-width: 2px !important;border-left-width: 2px !important;padding-top: 20px !important;padding-right: 20px !important;padding-bottom: 20px !important;padding-left: 20px !important;border-left-color: #ed1936 !important;border-left-style: solid !important;border-right-color: #ed1936 !important;border-right-style: solid !important;border-top-color: #ed1936 !important;border-top-style: solid !important;border-bottom-color: #ed1936 !important;border-bottom-style: solid !important;border-radius: 4px !important;}&#8221;]<strong><span style=\"color: #ed1936;\"><img loading=\"lazy\" decoding=\"async\" class=\"alignnone wp-image-2158\" src=\"https:\/\/actiontank.org\/at-content\/uploads\/2016\/07\/Action-tank-Sphere-entreprise.png\" alt=\"Action-tank-Sphere-entreprise\" width=\"84\" height=\"84\" srcset=\"https:\/\/actiontank.org\/at-content\/uploads\/2016\/07\/Action-tank-Sphere-entreprise.png 128w, https:\/\/actiontank.org\/at-content\/uploads\/2016\/07\/Action-tank-Sphere-entreprise-80x80.png 80w\" sizes=\"(max-width: 84px) 100vw, 84px\" \/><\/span><\/strong><strong><span style=\"color: #ed1936;\">ENTREPRISES<\/span><\/strong><\/p>\n<p><img loading=\"lazy\" decoding=\"async\" class=\"alignnone wp-image-4067\" src=\"http:\/\/actiontank.org\/at-content\/uploads\/2022\/01\/partenaires-entreprises.png\" alt=\"\" width=\"620\" height=\"394\" srcset=\"https:\/\/actiontank.org\/at-content\/uploads\/2022\/01\/partenaires-entreprises.png 1937w, https:\/\/actiontank.org\/at-content\/uploads\/2022\/01\/partenaires-entreprises-300x191.png 300w, https:\/\/actiontank.org\/at-content\/uploads\/2022\/01\/partenaires-entreprises-1024x650.png 1024w, https:\/\/actiontank.org\/at-content\/uploads\/2022\/01\/partenaires-entreprises-768x488.png 768w, https:\/\/actiontank.org\/at-content\/uploads\/2022\/01\/partenaires-entreprises-1536x975.png 1536w\" sizes=\"(max-width: 620px) 100vw, 620px\" \/><\/p>\n<p><img loading=\"lazy\" decoding=\"async\" class=\"alignnone wp-image-2179\" src=\"https:\/\/actiontank.org\/at-content\/uploads\/2016\/07\/Action-tank-Sol.png\" alt=\"Action-tank-Sol\" width=\"84\" height=\"84\" srcset=\"https:\/\/actiontank.org\/at-content\/uploads\/2016\/07\/Action-tank-Sol.png 128w, https:\/\/actiontank.org\/at-content\/uploads\/2016\/07\/Action-tank-Sol-80x80.png 80w\" sizes=\"(max-width: 84px) 100vw, 84px\" \/><strong><span style=\"color: #ff0000;\">ASSOCIATIONS ET BAILLEURS SOCIAUX<\/span><br \/>\n<\/strong><\/p>\n<p><img loading=\"lazy\" decoding=\"async\" class=\"alignnone size-full wp-image-919\" src=\"https:\/\/actiontank.org\/at-content\/uploads\/2016\/05\/Log-Habitat-Humanisme.jpg\" alt=\"Log-Habitat-Humanisme\" width=\"261\" height=\"53\" \/> \u00a0 \u00a0 \u00a0<img loading=\"lazy\" decoding=\"async\" class=\"alignnone wp-image-2263\" src=\"https:\/\/actiontank.org\/at-content\/uploads\/2012\/11\/logo.png\" alt=\"logo\" width=\"221\" height=\"96\" \/><\/p>\n<p><img loading=\"lazy\" decoding=\"async\" class=\"alignnone wp-image-2925\" src=\"https:\/\/actiontank.org\/at-content\/uploads\/2017\/07\/Finistere-Habitat.png\" alt=\"\" width=\"128\" height=\"68\" \/> \u00a0 \u00a0 <img loading=\"lazy\" decoding=\"async\" class=\"\" src=\"https:\/\/www.seinesaintdenishabitat.fr\/sites\/www.seinesaintdenishabitat.fr\/files\/logo_0.png\" alt=\"Seine-Saint-Denis Habitat\" width=\"211\" height=\"48\" \/>[\/vc_column_text][vc_separator color=&#8221;white&#8221;][\/vc_column_inner][\/vc_row_inner][vc_row_inner equal_height=&#8221;yes&#8221;][vc_column_inner][vc_separator color=&#8221;white&#8221;][vc_column_text]<\/p>\n<h4><strong><span style=\"color: #ed1936;\">LES PARTENAIRES D&#8217;ETUDES<br \/>\n<\/span><\/strong><\/h4>\n<p>[\/vc_column_text][vc_separator color=&#8221;white&#8221;][\/vc_column_inner][\/vc_row_inner][vc_row_inner equal_height=&#8221;yes&#8221; gap=&#8221;10&#8243;][vc_column_inner width=&#8221;1\/2&#8243; css=&#8221;.vc_custom_1467628113345{border-top-width: 2px !important;border-right-width: 2px !important;border-bottom-width: 2px !important;border-left-width: 2px !important;border-left-color: #c6c6c6 !important;border-left-style: solid !important;border-right-color: #c6c6c6 !important;border-right-style: solid !important;border-top-color: #c6c6c6 !important;border-top-style: solid !important;border-bottom-color: #c6c6c6 !important;border-bottom-style: solid !important;border-radius: 4px !important;}&#8221;][vc_column_text]<img loading=\"lazy\" decoding=\"async\" class=\"alignnone wp-image-2157\" src=\"https:\/\/actiontank.org\/at-content\/uploads\/2016\/07\/Action-tank-Sphere-academoque.png\" alt=\"Action-tank-Sphere-academoque\" width=\"84\" height=\"84\" srcset=\"https:\/\/actiontank.org\/at-content\/uploads\/2016\/07\/Action-tank-Sphere-academoque.png 128w, https:\/\/actiontank.org\/at-content\/uploads\/2016\/07\/Action-tank-Sphere-academoque-80x80.png 80w\" sizes=\"(max-width: 84px) 100vw, 84px\" \/><\/p>\n<h4><span style=\"color: #ed1936;\">SPH\u00c8RE<\/span><strong><span style=\"color: #ed1936;\">\u00a0<\/span><\/strong><span style=\"color: #ed1936;\">ACAD\u00c9MIQUE<\/span><\/h4>\n<p style=\"text-align: justify;\">L\u2019Action Tank travaille en \u00e9troite collaboration avec le centre HEC \u00ab Society &amp; Organization \u00bb, afin de favoriser la recherche acad\u00e9mique dans le domaine de la lutte contre la pauvret\u00e9 et l\u2019exclusion. Le fruit de ces recherches est mis \u00e0 disposition des publics int\u00e9ress\u00e9s, en particulier les mondes \u00e9conomique et acad\u00e9mique, sous forme d\u2019articles, de cas p\u00e9dagogiques, d\u2019enseignements ou de conf\u00e9rences.<\/p>\n<p><img loading=\"lazy\" decoding=\"async\" class=\"alignnone wp-image-3486\" src=\"https:\/\/actiontank.org\/at-content\/uploads\/2020\/04\/SO-Bleu-Horizontal-sans-fond-MediumAlternate.png\" alt=\"\" width=\"411\" height=\"38\" srcset=\"https:\/\/actiontank.org\/at-content\/uploads\/2020\/04\/SO-Bleu-Horizontal-sans-fond-MediumAlternate.png 2183w, https:\/\/actiontank.org\/at-content\/uploads\/2020\/04\/SO-Bleu-Horizontal-sans-fond-MediumAlternate-300x28.png 300w, https:\/\/actiontank.org\/at-content\/uploads\/2020\/04\/SO-Bleu-Horizontal-sans-fond-MediumAlternate-1024x94.png 1024w, https:\/\/actiontank.org\/at-content\/uploads\/2020\/04\/SO-Bleu-Horizontal-sans-fond-MediumAlternate-768x71.png 768w, https:\/\/actiontank.org\/at-content\/uploads\/2020\/04\/SO-Bleu-Horizontal-sans-fond-MediumAlternate-1536x141.png 1536w, https:\/\/actiontank.org\/at-content\/uploads\/2020\/04\/SO-Bleu-Horizontal-sans-fond-MediumAlternate-2048x189.png 2048w\" sizes=\"(max-width: 411px) 100vw, 411px\" \/><\/p>\n<p>Dans le cadre des recherches et de l&#8217;\u00e9tude du besoin du public seniors, l&#8217;Action Tank a \u00e9galement collabor\u00e9 avec le docteur Nicole Roux (Universit\u00e9 de Bretagne Occidentale).<\/p>\n<p><img loading=\"lazy\" decoding=\"async\" class=\"alignnone wp-image-3487\" src=\"https:\/\/actiontank.org\/at-content\/uploads\/2020\/04\/UBO-2017.png\" alt=\"\" width=\"114\" height=\"114\" srcset=\"https:\/\/actiontank.org\/at-content\/uploads\/2020\/04\/UBO-2017.png 500w, https:\/\/actiontank.org\/at-content\/uploads\/2020\/04\/UBO-2017-300x300.png 300w, https:\/\/actiontank.org\/at-content\/uploads\/2020\/04\/UBO-2017-150x150.png 150w, https:\/\/actiontank.org\/at-content\/uploads\/2020\/04\/UBO-2017-80x80.png 80w, https:\/\/actiontank.org\/at-content\/uploads\/2020\/04\/UBO-2017-200x200.png 200w\" sizes=\"(max-width: 114px) 100vw, 114px\" \/>[\/vc_column_text][\/vc_column_inner][vc_column_inner width=&#8221;1\/2&#8243; css=&#8221;.vc_custom_1467628221210{border-top-width: 2px !important;border-right-width: 2px !important;border-bottom-width: 2px !important;border-left-width: 2px !important;border-left-color: #c6c6c6 !important;border-left-style: solid !important;border-right-color: #c6c6c6 !important;border-right-style: solid !important;border-top-color: #c6c6c6 !important;border-top-style: solid !important;border-bottom-color: #c6c6c6 !important;border-bottom-style: solid !important;border-radius: 4px !important;}&#8221;][vc_column_text]<strong><span style=\"color: #ed1936;\"><img loading=\"lazy\" decoding=\"async\" class=\"alignnone wp-image-2158\" src=\"https:\/\/actiontank.org\/at-content\/uploads\/2016\/07\/Action-tank-Sphere-entreprise.png\" alt=\"Action-tank-Sphere-entreprise\" width=\"84\" height=\"84\" srcset=\"https:\/\/actiontank.org\/at-content\/uploads\/2016\/07\/Action-tank-Sphere-entreprise.png 128w, https:\/\/actiontank.org\/at-content\/uploads\/2016\/07\/Action-tank-Sphere-entreprise-80x80.png 80w\" sizes=\"(max-width: 84px) 100vw, 84px\" \/><\/span><\/strong><\/p>\n<h4><strong><span style=\"color: #ed1936;\">ENTREPRISES<\/span><\/strong><\/h4>\n<p style=\"text-align: justify;\">L\u2019Action Tank b\u00e9n\u00e9ficie \u00e9galement r\u00e9guli\u00e8rement du soutien d\u2019Opinion Way et du Boston Consulting Group pour des \u00e9tudes th\u00e9matiques approfondies.<\/p>\n<p><img loading=\"lazy\" decoding=\"async\" class=\"wp-image-3384 alignleft\" src=\"https:\/\/actiontank.org\/at-content\/uploads\/2019\/05\/boston_consulting_group_logo.png\" alt=\"\" width=\"218\" height=\"49\" srcset=\"https:\/\/actiontank.org\/at-content\/uploads\/2019\/05\/boston_consulting_group_logo.png 4167w, https:\/\/actiontank.org\/at-content\/uploads\/2019\/05\/boston_consulting_group_logo-300x68.png 300w, https:\/\/actiontank.org\/at-content\/uploads\/2019\/05\/boston_consulting_group_logo-1024x231.png 1024w, https:\/\/actiontank.org\/at-content\/uploads\/2019\/05\/boston_consulting_group_logo-768x173.png 768w, https:\/\/actiontank.org\/at-content\/uploads\/2019\/05\/boston_consulting_group_logo-1536x346.png 1536w, https:\/\/actiontank.org\/at-content\/uploads\/2019\/05\/boston_consulting_group_logo-2048x461.png 2048w\" sizes=\"(max-width: 218px) 100vw, 218px\" \/><\/p>\n<p>&nbsp;<\/p>\n<p>&nbsp;<\/p>\n<p><img loading=\"lazy\" decoding=\"async\" class=\"alignnone size-full wp-image-2166\" src=\"https:\/\/actiontank.org\/at-content\/uploads\/2016\/07\/log-opinion.jpg\" alt=\"log-opinion\" width=\"226\" height=\"55\" \/><\/p>\n<p>Le cabinet d\u2019avocats international Linklaters lui apporte \u00e9galement son expertise juridique en m\u00e9c\u00e9nat.<\/p>\n<p><img loading=\"lazy\" decoding=\"async\" class=\"alignnone wp-image-3787\" src=\"http:\/\/actiontank.org\/at-content\/uploads\/2021\/03\/linklaters.jpg\" alt=\"\" width=\"230\" height=\"84\" srcset=\"https:\/\/actiontank.org\/at-content\/uploads\/2021\/03\/linklaters.jpg 1080w, https:\/\/actiontank.org\/at-content\/uploads\/2021\/03\/linklaters-300x110.jpg 300w, https:\/\/actiontank.org\/at-content\/uploads\/2021\/03\/linklaters-1024x375.jpg 1024w, https:\/\/actiontank.org\/at-content\/uploads\/2021\/03\/linklaters-768x281.jpg 768w\" sizes=\"(max-width: 230px) 100vw, 230px\" \/><\/p>\n<p>L&#8217;agence BETC est \u00e9galement r\u00e9guli\u00e8rement intervenue pour apporter son expertise sur la strat\u00e9gie de communication int\u00e9gr\u00e9e aux diff\u00e9rents programmes de l\u2019Action Tank.<\/p>\n<p><img loading=\"lazy\" decoding=\"async\" class=\"alignnone wp-image-3385\" src=\"https:\/\/actiontank.org\/at-content\/uploads\/2019\/05\/BETC-new.jpg\" alt=\"\" width=\"136\" height=\"97\" srcset=\"https:\/\/actiontank.org\/at-content\/uploads\/2019\/05\/BETC-new.jpg 693w, https:\/\/actiontank.org\/at-content\/uploads\/2019\/05\/BETC-new-300x214.jpg 300w\" sizes=\"(max-width: 136px) 100vw, 136px\" \/>[\/vc_column_text][\/vc_column_inner][\/vc_row_inner][vc_row_inner][vc_column_inner][vc_separator color=&#8221;white&#8221;][\/vc_column_inner][\/vc_row_inner][vc_row_inner equal_height=&#8221;yes&#8221;][vc_column_inner][vc_separator color=&#8221;white&#8221;][vc_column_text]<\/p>\n<h4><strong><span style=\"color: #ed1936;\">LES PARTENAIRES DE PROJETS<br \/>\n<\/span><\/strong><\/h4>\n<p>[\/vc_column_text][vc_separator color=&#8221;white&#8221;][\/vc_column_inner][\/vc_row_inner][vc_row_inner][vc_column_inner css=&#8221;.vc_custom_1467635158685{border-top-width: 2px !important;border-right-width: 2px !important;border-bottom-width: 2px !important;border-left-width: 2px !important;border-left-color: #c6c6c6 !important;border-left-style: solid !important;border-right-color: #c6c6c6 !important;border-right-style: solid !important;border-top-color: #c6c6c6 !important;border-top-style: solid !important;border-bottom-color: #c6c6c6 !important;border-bottom-style: solid !important;border-radius: 4px !important;}&#8221;][vc_column_text]<img loading=\"lazy\" decoding=\"async\" class=\"alignnone wp-image-2179\" src=\"https:\/\/actiontank.org\/at-content\/uploads\/2016\/07\/Action-tank-Sol.png\" alt=\"Action-tank-Sol\" width=\"82\" height=\"82\" srcset=\"https:\/\/actiontank.org\/at-content\/uploads\/2016\/07\/Action-tank-Sol.png 128w, https:\/\/actiontank.org\/at-content\/uploads\/2016\/07\/Action-tank-Sol-80x80.png 80w\" sizes=\"(max-width: 82px) 100vw, 82px\" \/><span style=\"color: #ff0000;\"><strong>ORGANISATIONS A BUT SOCIAL<\/strong><\/span><\/p>\n<p><img loading=\"lazy\" decoding=\"async\" class=\"alignnone size-full wp-image-3789\" src=\"http:\/\/actiontank.org\/at-content\/uploads\/2021\/03\/partenaires-asso-social.png\" alt=\"\" width=\"583\" height=\"324\" srcset=\"https:\/\/actiontank.org\/at-content\/uploads\/2021\/03\/partenaires-asso-social.png 583w, https:\/\/actiontank.org\/at-content\/uploads\/2021\/03\/partenaires-asso-social-300x167.png 300w\" sizes=\"(max-width: 583px) 100vw, 583px\" \/><\/p>\n<p>ORGANISMES PUBLICS<\/p>\n<p><img loading=\"lazy\" decoding=\"async\" class=\"alignnone wp-image-3862\" src=\"http:\/\/actiontank.org\/at-content\/uploads\/2021\/04\/partenaires_publics-1.png\" alt=\"\" width=\"587\" height=\"420\" srcset=\"https:\/\/actiontank.org\/at-content\/uploads\/2021\/04\/partenaires_publics-1.png 705w, https:\/\/actiontank.org\/at-content\/uploads\/2021\/04\/partenaires_publics-1-300x215.png 300w\" sizes=\"(max-width: 587px) 100vw, 587px\" \/>[\/vc_column_text][vc_column_text]<\/p>\n<h4><\/h4>\n<p>[\/vc_column_text][vc_separator color=&#8221;white&#8221;][\/vc_column_inner][\/vc_row_inner][vc_separator color=&#8221;custom&#8221; accent_color=&#8221;#ffffff&#8221;][\/vc_column][\/vc_row][vc_column][\/vc_column][vc_column_inner width=&#8221;1\/3&#8243; css=&#8221;.vc_custom_1432759262372{margin-top: 0px !important;}&#8221;][\/vc_column_inner][vc_column_inner width=&#8221;2\/3&#8243;][\/vc_column_inner][vc_column][\/vc_column]<\/p>\n<\/div>","protected":false},"excerpt":{"rendered":"<p>[vc_row][vc_column][vc_separator color=&#8221;white&#8221;][vc_row_inner][vc_column_inner][vc_single_image image=&#8221;2076&#8243; img_size=&#8221;thumbnailfull&#8221; alignment=&#8221;center&#8221;][vc_column_text] Action Tank Entreprise et Pauvret\u00e9 &#8211; partners &#8216;ecosystem&#8217; [\/vc_column_text][\/vc_column_inner][\/vc_row_inner][vc_row_inner][vc_column_inner][vc_column_text][\/vc_column_text][vc_column_text]Pour voir cette image en grand, cliquez ici.[\/vc_column_text][\/vc_column_inner][\/vc_row_inner][vc_row_inner equal_height=&#8221;yes&#8221;][vc_column_inner][vc_separator color=&#8221;white&#8221;][vc_column_text] LES MEMBRES DE L&#8217;ACTION TANK [\/vc_column_text][vc_column_text css=&#8221;.vc_custom_1642699148068{border-top-width: 2px !important;border-right-width: 2px !important;border-bottom-width: 2px !important;border-left-width: 2px !important;padding-top: 20px !important;padding-right:&#8230;<\/p>\n","protected":false},"author":2,"featured_media":0,"parent":959,"menu_order":0,"comment_status":"closed","ping_status":"open","template":"page-action-tank.php","meta":{"_acf_changed":false,"footnotes":""},"acf":[],"_links":{"self":[{"href":"https:\/\/actiontank.org\/en\/wp-json\/wp\/v2\/pages\/3586"}],"collection":[{"href":"https:\/\/actiontank.org\/en\/wp-json\/wp\/v2\/pages"}],"about":[{"href":"https:\/\/actiontank.org\/en\/wp-json\/wp\/v2\/types\/page"}],"author":[{"embeddable":true,"href":"https:\/\/actiontank.org\/en\/wp-json\/wp\/v2\/users\/2"}],"replies":[{"embeddable":true,"href":"https:\/\/actiontank.org\/en\/wp-json\/wp\/v2\/comments?post=3586"}],"version-history":[{"count":40,"href":"https:\/\/actiontank.org\/en\/wp-json\/wp\/v2\/pages\/3586\/revisions"}],"predecessor-version":[{"id":5157,"href":"https:\/\/actiontank.org\/en\/wp-json\/wp\/v2\/pages\/3586\/revisions\/5157"}],"up":[{"embeddable":true,"href":"https:\/\/actiontank.org\/en\/wp-json\/wp\/v2\/pages\/959"}],"wp:attachment":[{"href":"https:\/\/actiontank.org\/en\/wp-json\/wp\/v2\/media?parent=3586"}],"curies":[{"name":"wp","href":"https:\/\/api.w.org\/{rel}","templated":true}]}}