{"id":214,"date":"2016-07-30T19:05:29","date_gmt":"2016-07-30T17:05:29","guid":{"rendered":"http:\/\/themes.profteamsolutions.com\/nexus\/?page_id=214"},"modified":"2024-12-10T09:54:00","modified_gmt":"2024-12-10T08:54:00","slug":"action-tank-think-tank-contre-la-pauvrete","status":"publish","type":"page","link":"https:\/\/actiontank.org\/en\/","title":{"rendered":"Action Tank"},"content":{"rendered":"<div class=\"wpb-content-wrapper\"><p>[vc_row css=&#8221;.vc_custom_1464098033892{padding-top: 98px !important;padding-bottom: 80px !important;}&#8221; el_class=&#8221;home-section-1&#8243;][vc_column]<div class=\"homepage-container-design \" style=\"background-image:url();color:#626262;background-repeat:repeat; padding-top:0x; padding-bottom:0x; background-size:; background-position:;\">\n\t\t\t<div class=\"homepage-container-design-inner\">[vc_row_inner][vc_column_inner width=&#8221;2\/3&#8243;][vc_column_text]<\/p>\n<h1><span style=\"color: #e65f56;\">Action Tank<\/span><br \/>\nen quelques mots<\/h1>\n<p>L\u2019Action Tank a pour objet de favoriser le <strong>d\u00e9veloppement de programmes innovants <\/strong>ayant un impact sur la <strong>r\u00e9duction de la pauvret\u00e9<\/strong> et de l\u2019<strong>exclusion<\/strong> en France et susceptibles d\u2019\u00eatre d\u00e9ploy\u00e9s \u00e0 <strong>grande \u00e9chelle, <\/strong>notamment des mod\u00e8les \u00e9conomiquement soutenables port\u00e9s par des entreprises.[\/vc_column_text][vc_video link=&#8221;https:\/\/vimeo.com\/709020470&#8243; el_aspect=&#8221;43&#8243;][\/vc_column_inner][vc_column_inner el_class=&#8221;home-temoins&#8221; width=&#8221;1\/3&#8243;][vc_column_text]<\/p>\n<h3 style=\"text-align: center;\"><span style=\"color: #e65f56;\">Mots des Co-Pr\u00e9sidents<\/span><\/h3>\n<p>[\/vc_column_text][vc_column_text]<blockquote><p><span lang=\"EN-US\">In our country, the poor pay more for goods and services than the rest of the population. The issue is not about them being less informed or less educated. The issue has to do with access and favourable price structures.\u00a0<\/span><\/p>\n<\/blockquote><div class=\"home-temoin\"><h4><img loading=\"lazy\" decoding=\"async\" width=\"400\" height=\"250\" src=\"https:\/\/actiontank.org\/at-content\/uploads\/2015\/01\/Portrait-Martin-temporaire-400x250.jpg\" class=\"attachment-post-thumbnail size-post-thumbnail wp-post-image\" alt=\"\" \/>Martin Hirsch<\/h4><p>Vice-President, Galileo Global Education and former Chief Executive of the Greater Paris University Hospitals (AP-HP).<\/p><\/div><blockquote><p>The purpose of a company is to create value but also to share it, so that wealth\u00a0is produced without generating more poverty.<\/p>\n<\/blockquote><div class=\"home-temoin\"><h4><img loading=\"lazy\" decoding=\"async\" width=\"400\" height=\"250\" src=\"https:\/\/actiontank.org\/at-content\/uploads\/2015\/01\/1-400x250.png\" class=\"attachment-post-thumbnail size-post-thumbnail wp-post-image\" alt=\"Emmanuel Faber, co-pr\u00e9sident de l&#039;Action Tank\" \/>Emmanuel Faber<\/h4><p>Former CEO of Danone, Chair of the International Sustainability Standards Board<\/p><\/div>[\/vc_column_text][\/vc_column_inner][\/vc_row_inner]<\/div><\/div>[\/vc_column][\/vc_row][vc_row full_width=&#8221;stretch_row&#8221; css=&#8221;.vc_custom_1464094939490{padding-top: 0px !important;padding-bottom: 0px !important;}&#8221; el_class=&#8221;home-section-2&#8243;][vc_column]<div class=\"homepage-container-design \" style=\"background-image:url();color:;background-repeat:repeat; padding-top:0x; padding-bottom:0x; background-size:; background-position:;\">\n\t\t\t<div class=\"homepage-container-design-inner\">[vc_row_inner equal_height=&#8221;yes&#8221;][vc_column_inner css=&#8221;.vc_custom_1715760756064{padding-top: 60px !important;padding-right: 40px !important;padding-bottom: 140px !important;padding-left: 40px !important;}&#8221;][vc_column_text css=&#8221;&#8221;]<\/p>\n<p style=\"text-align: center;\"><img loading=\"lazy\" decoding=\"async\" class=\"alignnone size-full wp-image-4875 aligncenter\" src=\"http:\/\/actiontank.org\/at-content\/uploads\/2024\/02\/events-icon.png\" alt=\"\" width=\"61\" height=\"61\" \/><\/p>\n<h2 style=\"text-align: center;\"><span style=\"color: #e65f56;\">Events<\/span><\/h2>\n<p style=\"text-align: center;\">Our last events<\/p>\n<p>[\/vc_column_text]        <ul class=\"articles-listing \">\n                               <li id=\"post-4791\">\n                 <a href=\"https:\/\/actiontank.org\/en\/tous-nos-evenements\/conference-3eme-edition-de-letude-double-penalite-de-pauvrete\/\">\n                  <div class=\"photo\">\n                       <img loading=\"lazy\" decoding=\"async\" width=\"1000\" height=\"600\" src=\"https:\/\/actiontank.org\/at-content\/uploads\/2023\/12\/HEAD-RappelConfirmation-_1_.webp\" class=\"attachment-insperia-portfolio-thumb size-insperia-portfolio-thumb wp-post-image\" alt=\"conf\u00e9rence-double-peine\" srcset=\"https:\/\/actiontank.org\/at-content\/uploads\/2023\/12\/HEAD-RappelConfirmation-_1_.webp 1000w, https:\/\/actiontank.org\/at-content\/uploads\/2023\/12\/HEAD-RappelConfirmation-_1_-300x180.webp 300w, https:\/\/actiontank.org\/at-content\/uploads\/2023\/12\/HEAD-RappelConfirmation-_1_-768x461.webp 768w\" sizes=\"(max-width: 1000px) 100vw, 1000px\" \/>                   <span>20 Dec<\/span>\n                  <\/div>\n                  \n                   <h5>Conf\u00e9rence &#8211; 3\u00e8me \u00e9dition de l&#8217;\u00e9tude Double P\u00e9nalit\u00e9 de Pauvret\u00e9<\/h5>\n                    <p>Logement, sant\u00e9, mobilit\u00e9\u2026 quels sont les principaux facteurs de la double p\u00e9nalit\u00e9 de pauvret\u00e9 ? Qui sont les profils les plus touch\u00e9s par ce ph\u00e9nom\u00e8ne ? Quels sont les territoires les plus concern\u00e9s ? Rendez-vous le 30 janvier 2024, pour...<\/p>\n                    \n                <\/a>\n                <\/li>\n                                 <li id=\"post-4386\">\n                 <a href=\"https:\/\/actiontank.org\/en\/tous-nos-evenements\/pleniere-annuelle-2023-double-peine\/\">\n                  <div class=\"photo\">\n                       <img loading=\"lazy\" decoding=\"async\" width=\"1200\" height=\"1200\" src=\"https:\/\/actiontank.org\/at-content\/uploads\/2023\/01\/PLENIERE.png\" class=\"attachment-insperia-portfolio-thumb size-insperia-portfolio-thumb wp-post-image\" alt=\"\" srcset=\"https:\/\/actiontank.org\/at-content\/uploads\/2023\/01\/PLENIERE.png 1200w, https:\/\/actiontank.org\/at-content\/uploads\/2023\/01\/PLENIERE-300x300.png 300w, https:\/\/actiontank.org\/at-content\/uploads\/2023\/01\/PLENIERE-1024x1024.png 1024w, https:\/\/actiontank.org\/at-content\/uploads\/2023\/01\/PLENIERE-150x150.png 150w, https:\/\/actiontank.org\/at-content\/uploads\/2023\/01\/PLENIERE-768x768.png 768w, https:\/\/actiontank.org\/at-content\/uploads\/2023\/01\/PLENIERE-500x500.png 500w, https:\/\/actiontank.org\/at-content\/uploads\/2023\/01\/PLENIERE-80x80.png 80w, https:\/\/actiontank.org\/at-content\/uploads\/2023\/01\/PLENIERE-200x200.png 200w\" sizes=\"(max-width: 1200px) 100vw, 1200px\" \/>                   <span>2 Jan<\/span>\n                  <\/div>\n                  \n                   <h5>Pl\u00e9ni\u00e8re annuelle : \u00e9tude sur la double p\u00e9nalit\u00e9 de pauvret\u00e9<\/h5>\n                    <p>La Pl\u00e9ni\u00e8re 2023 de l'Action Tank s'est d\u00e9roul\u00e9e le jeudi 26 janvier 2023, au sein de l'Auditorium de La Banque Postale, dans le 6\u00e8me arrondissement de Paris. Nous remercions grandement La Banque Postale pour son accueil.<\/p>\n                    \n                <\/a>\n                <\/li>\n                                 <li id=\"post-4322\">\n                 <a href=\"https:\/\/actiontank.org\/en\/tous-nos-evenements\/forum-mobilite-durable-et-inclusive-quelles-solutions\/\">\n                  <div class=\"photo\">\n                       <img loading=\"lazy\" decoding=\"async\" width=\"613\" height=\"381\" src=\"https:\/\/actiontank.org\/at-content\/uploads\/2022\/11\/Capture-decran-2022-11-09-123023.png\" class=\"attachment-insperia-portfolio-thumb size-insperia-portfolio-thumb wp-post-image\" alt=\"\" srcset=\"https:\/\/actiontank.org\/at-content\/uploads\/2022\/11\/Capture-decran-2022-11-09-123023.png 613w, https:\/\/actiontank.org\/at-content\/uploads\/2022\/11\/Capture-decran-2022-11-09-123023-300x186.png 300w, https:\/\/actiontank.org\/at-content\/uploads\/2022\/11\/Capture-decran-2022-11-09-123023-400x250.png 400w\" sizes=\"(max-width: 613px) 100vw, 613px\" \/>                   <span>9 Nov<\/span>\n                  <\/div>\n                  \n                   <h5>Forum : Mobilit\u00e9 durable et inclusive, quelles solutions ?<\/h5>\n                    <p>Sorry, this entry is only available in Fran\u00e7ais.<\/p>\n                    \n                <\/a>\n                <\/li>\n                                 <li id=\"post-4220\">\n                 <a href=\"https:\/\/actiontank.org\/en\/tous-nos-evenements\/table-ronde-peut-on-lutter-contre-la-double-peine-de-la-pauvrete\/\">\n                  <div class=\"photo\">\n                       <img loading=\"lazy\" decoding=\"async\" width=\"1194\" height=\"676\" src=\"https:\/\/actiontank.org\/at-content\/uploads\/2022\/06\/Photo-JB-aux-DEC.png\" class=\"attachment-insperia-portfolio-thumb size-insperia-portfolio-thumb wp-post-image\" alt=\"\" srcset=\"https:\/\/actiontank.org\/at-content\/uploads\/2022\/06\/Photo-JB-aux-DEC.png 1194w, https:\/\/actiontank.org\/at-content\/uploads\/2022\/06\/Photo-JB-aux-DEC-300x170.png 300w, https:\/\/actiontank.org\/at-content\/uploads\/2022\/06\/Photo-JB-aux-DEC-768x435.png 768w, https:\/\/actiontank.org\/at-content\/uploads\/2022\/06\/Photo-JB-aux-DEC-1024x580.png 1024w\" sizes=\"(max-width: 1194px) 100vw, 1194px\" \/>                   <span>27 Jun<\/span>\n                  <\/div>\n                  \n                   <h5>Table ronde : Peut-on lutter contre la double peine de la pauvret\u00e9 ?<\/h5>\n                    <p>Sorry, this entry is only available in Fran\u00e7ais.<\/p>\n                    \n                <\/a>\n                <\/li>\n                             <\/ul>\n      \n    [vc_btn title=&#8221;All our events&#8221; shape=&#8221;square&#8221; color=&#8221;danger&#8221; align=&#8221;center&#8221; css=&#8221;.vc_custom_1716284022553{margin-top: 20px !important;}&#8221; link=&#8221;url:http%3A%2F%2Factiontank.org%2Fen%2Ftous-les-evenements%2F&#8221;][\/vc_column_inner][\/vc_row_inner]<\/div><\/div>[\/vc_column][\/vc_row][vc_row el_class=&#8221;home-section-3&#8243; css=&#8221;.vc_custom_1464185695511{padding-top: 20px !important;padding-bottom: 20px !important;background-color: #ffffff !important;}&#8221;][vc_column]<div class=\"homepage-container-design \" style=\"background-image:url();color:#666666;background-repeat:repeat; padding-top:40px; padding-bottom:40px; background-size:; background-position:;\">\n\t\t\t<div class=\"homepage-container-design-inner\">[vc_row_inner equal_height=&#8221;yes&#8221; css=&#8221;.vc_custom_1464185705330{padding-top: 0px !important;padding-bottom: 0px !important;}&#8221;][vc_column_inner width=&#8221;1\/4&#8243;][vc_column_text]<\/p>\n<h2><span style=\"color: #e65f56;\">Les Membres de l\u2019Action Tank<\/span><\/h2>\n<p>[\/vc_column_text][vc_column_text]Les organisations membres qui sont impliqu\u00e9es dans un groupe de travail et\/ou ont initi\u00e9 un projet [\/vc_column_text][\/vc_column_inner][vc_column_inner width=&#8221;3\/4&#8243;]<div class=\"owl-carousel clients-slider\">\n\t\t            <a target=\"_blank\" href=\"https:\/\/actiontank.org\/at-content\/uploads\/2021\/11\/orange.png\">                     \n                        <img decoding=\"async\" src=\"https:\/\/actiontank.org\/at-content\/uploads\/2021\/11\/orange.png\" alt=\"Image\" \/>\n                    <\/a>\n\t\t            <a target=\"_blank\" href=\"https:\/\/actiontank.org\/at-content\/uploads\/2021\/11\/lbp.png\">                     \n                        <img decoding=\"async\" src=\"https:\/\/actiontank.org\/at-content\/uploads\/2021\/11\/lbp.png\" alt=\"Image\" \/>\n                    <\/a>\n\t\t            <a target=\"_blank\" href=\"https:\/\/actiontank.org\/at-content\/uploads\/2021\/03\/RGB_VEOLIA_HD.png\">                     \n                        <img decoding=\"async\" src=\"https:\/\/actiontank.org\/at-content\/uploads\/2021\/03\/RGB_VEOLIA_HD.png\" alt=\"Image\" \/>\n                    <\/a>\n\t\t            <a target=\"_blank\" href=\"https:\/\/actiontank.org\/at-content\/uploads\/2020\/04\/Logo-Finistere-Habitat_full.png\">                     \n                        <img decoding=\"async\" src=\"https:\/\/actiontank.org\/at-content\/uploads\/2020\/04\/Logo-Finistere-Habitat_full.png\" alt=\"Image\" \/>\n                    <\/a>\n\t\t            <a target=\"_blank\" href=\"https:\/\/actiontank.org\/at-content\/uploads\/2019\/10\/AIR_LIQUIDE.jpg\">                     \n                        <img decoding=\"async\" src=\"https:\/\/actiontank.org\/at-content\/uploads\/2019\/10\/AIR_LIQUIDE.jpg\" alt=\"Image\" \/>\n                    <\/a>\n\t\t            <a target=\"_blank\" href=\"Bouygues b\u00e2timent\">                     \n                        <img decoding=\"async\" src=\"https:\/\/actiontank.org\/at-content\/uploads\/2021\/11\/bouygues.png\" alt=\"Image\" \/>\n                    <\/a>\n\t\t            <a target=\"_blank\" href=\"https:\/\/actiontank.org\/at-content\/uploads\/2021\/11\/BNP-Paribas-logo.png\">                     \n                        <img decoding=\"async\" src=\"https:\/\/actiontank.org\/at-content\/uploads\/2021\/11\/BNP-Paribas-logo.png\" alt=\"Image\" \/>\n                    <\/a>\n\t\t            <a target=\"_blank\" href=\"https:\/\/actiontank.org\/at-content\/uploads\/2020\/02\/logo-schneider-electric.png\">                     \n                        <img decoding=\"async\" src=\"https:\/\/actiontank.org\/at-content\/uploads\/2020\/02\/logo-schneider-electric.png\" alt=\"Image\" \/>\n                    <\/a>\n\t\t            <a target=\"_blank\" href=\"https:\/\/actiontank.org\/at-content\/uploads\/2021\/11\/danone.png\">                     \n                        <img decoding=\"async\" src=\"https:\/\/actiontank.org\/at-content\/uploads\/2021\/11\/danone.png\" alt=\"Image\" \/>\n                    <\/a>\n\t\t            <a target=\"_blank\" href=\"https:\/\/actiontank.org\/at-content\/uploads\/2021\/11\/macif.png\">                     \n                        <img decoding=\"async\" src=\"https:\/\/actiontank.org\/at-content\/uploads\/2021\/11\/macif.png\" alt=\"Image\" \/>\n                    <\/a>\n\t\t            <a target=\"_blank\" href=\"https:\/\/actiontank.org\/at-content\/uploads\/2021\/11\/renault-group.png\">                     \n                        <img decoding=\"async\" src=\"https:\/\/actiontank.org\/at-content\/uploads\/2021\/11\/renault-group.png\" alt=\"Image\" \/>\n                    <\/a>\n\t\t            <a target=\"_blank\" href=\"Logo total \u00e9nergies\">                     \n                        <img decoding=\"async\" src=\"https:\/\/actiontank.org\/at-content\/uploads\/2021\/11\/totalenergiesfoundation.png\" alt=\"Image\" \/>\n                    <\/a>\n\t\t            <a target=\"_blank\" href=\"https:\/\/actiontank.org\/at-content\/uploads\/2023\/01\/logo.png\">                     \n                        <img decoding=\"async\" src=\"https:\/\/actiontank.org\/at-content\/uploads\/2023\/01\/logo.png\" alt=\"Image\" \/>\n                    <\/a><\/div>[\/vc_column_inner][\/vc_row_inner]<\/div><\/div>[\/vc_column][\/vc_row][vc_row css=&#8221;.vc_custom_1708680149305{padding-top: 40px !important;padding-bottom: 40px !important;background-color: #e65f56 !important;}&#8221;][vc_column css=&#8221;.vc_custom_1708680139130{background-color: #e65f56 !important;}&#8221;][vc_column_text]<\/p>\n<h1 style=\"text-align: center;\"><span style=\"color: #ffffff;\">Action Tank Entreprise et Pauvret\u00e9<\/span><\/h1>\n<h1 style=\"text-align: center;\"><span style=\"color: #ffffff;\">Un \u00e9cosyst\u00e8me innovant<\/span><\/h1>\n<p>[\/vc_column_text][vc_single_image image=&#8221;4882&#8243; img_size=&#8221;full&#8221; alignment=&#8221;center&#8221; onclick=&#8221;custom_link&#8221; css=&#8221;&#8221; link=&#8221;https:\/\/actiontank.org\/action-tank\/ecosysteme-action-tank\/&#8221;][\/vc_column][\/vc_row]<\/p>\n<\/div>","protected":false},"excerpt":{"rendered":"<p>[vc_row css=&#8221;.vc_custom_1464098033892{padding-top: 98px !important;padding-bottom: 80px !important;}&#8221; el_class=&#8221;home-section-1&#8243;][vc_column][vc_row_inner][vc_column_inner width=&#8221;2\/3&#8243;][vc_column_text] Action Tank en quelques mots L\u2019Action Tank a pour objet de favoriser le d\u00e9veloppement de programmes innovants ayant un impact sur la r\u00e9duction de la pauvret\u00e9 et de l\u2019exclusion en France et&#8230;<\/p>\n","protected":false},"author":2,"featured_media":0,"parent":0,"menu_order":0,"comment_status":"open","ping_status":"closed","template":"homepage.php","meta":{"_acf_changed":false,"footnotes":""},"acf":[],"_links":{"self":[{"href":"https:\/\/actiontank.org\/en\/wp-json\/wp\/v2\/pages\/214"}],"collection":[{"href":"https:\/\/actiontank.org\/en\/wp-json\/wp\/v2\/pages"}],"about":[{"href":"https:\/\/actiontank.org\/en\/wp-json\/wp\/v2\/types\/page"}],"author":[{"embeddable":true,"href":"https:\/\/actiontank.org\/en\/wp-json\/wp\/v2\/users\/2"}],"replies":[{"embeddable":true,"href":"https:\/\/actiontank.org\/en\/wp-json\/wp\/v2\/comments?post=214"}],"version-history":[{"count":422,"href":"https:\/\/actiontank.org\/en\/wp-json\/wp\/v2\/pages\/214\/revisions"}],"predecessor-version":[{"id":5084,"href":"https:\/\/actiontank.org\/en\/wp-json\/wp\/v2\/pages\/214\/revisions\/5084"}],"wp:attachment":[{"href":"https:\/\/actiontank.org\/en\/wp-json\/wp\/v2\/media?parent=214"}],"curies":[{"name":"wp","href":"https:\/\/api.w.org\/{rel}","templated":true}]}}