{"id":1873,"date":"2016-05-25T16:24:19","date_gmt":"2016-05-25T14:24:19","guid":{"rendered":"https:\/\/actiontank.org\/?page_id=1873"},"modified":"2024-09-19T10:31:07","modified_gmt":"2024-09-19T08:31:07","slug":"mentions-legales","status":"publish","type":"page","link":"https:\/\/actiontank.org\/en\/legal-terms\/","title":{"rendered":"Legal terms"},"content":{"rendered":"<p><\/p>\n<div class=\"l-main\">\n<div class=\"l-main-h i-cf\">\n<div class=\"l-content g-html\">\n<section class=\"l-section\">\n<div class=\"l-section-h i-cf\">\n<div class=\"container white\">\n<div class=\" default content-unis\">\n<p>Conception du site : <a href=\"http:\/\/www.freestudio.fr\" target=\"_blank\" rel=\"noopener\">FreeStudio<\/a><\/p>\n<p>Ce site web est \u00e9dit\u00e9 par l\u2019association <strong>Action Tank Entreprise et Pauvret\u00e9<\/strong>.<br \/>\n<strong>Directeur de la publication<\/strong> : Quiterie de Rorthays<\/p>\n<h3>Donn\u00e9es personnelles<\/h3>\n<p>Les informations que vous fournissez \u00e0 <strong>Action Tank Entreprise et Pauvret\u00e9<\/strong> ne feront l\u2019objet d\u2019aucune utilisation commerciale.\u00a0Elles ne seront jamais communiqu\u00e9es \u00e0 des tiers.<\/p>\n<p>Conform\u00e9ment \u00e0 la loi Informatique et Libert\u00e9s du 6 janvier 1978 r\u00e9form\u00e9e,\u00a0vous disposez d\u2019un droit d\u2019acc\u00e8s, de modification, de rectification et de\u00a0suppression des donn\u00e9es vous concernant.<\/p>\n<h3>Propri\u00e9t\u00e9 Intellectuelle<\/h3>\n<p>Le pr\u00e9sent site Web et l\u2019ensemble de son contenu, y compris textes, images fixes ou anim\u00e9es, bases de donn\u00e9es, programmes, cgi, etc., ci-apr\u00e8s le Site Web est prot\u00e9g\u00e9 par le droit d\u2019auteur.<\/p>\n<p>Toutes les donn\u00e9es figurant sur ce site (textes, photographies, illustrations, ic\u00f4nes, animations, bases de donn\u00e9es, etc\u2026) sont la propri\u00e9t\u00e9 exclusive de <strong>Action Tank Entreprise et Pauvret\u00e9<\/strong>, ou font l\u2019objet d\u2019une autorisation sp\u00e9cifique d\u2019utilisation pour <strong>Action Tank Entreprise et Pauvret\u00e9<\/strong>.<\/p>\n<p>En acc\u00e9dant au site de <strong>Action Tank Entreprise et Pauvret\u00e9<\/strong>, vous acceptez de vous conformer au code fran\u00e7ais de la propri\u00e9t\u00e9 intellectuelle et plus g\u00e9n\u00e9ralement aux trait\u00e9s et accords internationaux comportant des dispositions relatives \u00e0 la protection des droits d\u2019auteur. C\u2019est ainsi que vous vous interdisez de : t\u00e9l\u00e9charger, reproduire int\u00e9gralement ou partiellement, vendre, distribuer, \u00e9mettre, publier et communiquer sous quelque forme que ce soit les donn\u00e9es ou les \u0153uvres prot\u00e9g\u00e9es par le droit d\u2019auteur qui figurent sur le site de <strong>Action Tank Entreprise et Pauvret\u00e9<\/strong> sans autorisation \u00e9crite particuli\u00e8re et pr\u00e9alable du d\u00e9tenteur des droits d\u2019auteur attach\u00e9s \u00e0 l\u2019\u0153uvre ou \u00e0 la donn\u00e9e reproduite.<\/p>\n<p>Le pr\u00e9sent site Web a \u00e9t\u00e9 cr\u00e9\u00e9 pour le compte de <strong>Action Tank Entreprise et Pauvret\u00e9<\/strong>.<br \/>\nTous les \u00e9l\u00e9ments de propri\u00e9t\u00e9 intellectuelle, marques, noms commerciaux et logos sont la propri\u00e9t\u00e9 de FINEXA, sauf mentions contraires. Toute reproduction du pr\u00e9sent site Web est interdite.<\/p>\n<h3>Informatique &amp; libert\u00e9s<\/h3>\n<p>En conformit\u00e9 avec les dispositions de la loi du 6 janvier 1978 relative \u00e0 l\u2019Informatique, aux fichiers et aux libert\u00e9s, le traitement automatis\u00e9 de donn\u00e9es nominatives r\u00e9alis\u00e9 \u00e0 partir de ce site web a fait l\u2019objet d\u2019une d\u00e9claration aupr\u00e8s de la Commission Nationale de l\u2019Informatique et des Libert\u00e9s (CNIL) qui en a d\u00e9livr\u00e9 r\u00e9c\u00e9piss\u00e9 sous le num\u00e9ro 1573527.<br \/>\nLes informations susceptibles d\u2019\u00eatre collect\u00e9es sur le pr\u00e9sent site sont exclusivement destin\u00e9es au traitement de vos inscriptions \u00e0 nos s\u00e9ances d\u2019informations. Le destinataire exclusif des donn\u00e9es est <strong>Action Tank Entreprise et Pauvret\u00e9<\/strong>.<\/p>\n<p>Conform\u00e9ment aux dispositions des articles 38 et suivants de la loi 78-17 du 6 janvier 1978, vous disposez \u00e0 tout moment d\u2019un droit d\u2019acc\u00e8s, de communication, de rectification, d\u2019actualisation et de suppression des donn\u00e9es personnelles vous concernant.<\/p>\n<\/div>\n<\/div>\n<\/div>\n<\/section>\n<\/div>\n<\/div>\n<\/div>\n<p><\/p>\n<p><span style=\"font-size: 24pt;\"><strong>Politique de Confidentialit\u00e9 de l\u2019Action Tank<\/strong><\/span><\/p>\n<ol>\n<li><strong> Collecte des donn\u00e9es personnelles<\/strong><br \/>\nNous collectons des informations personnelles, telles que votre adresse e-mail, lorsque vous vous inscrivez \u00e0 notre mailing list pour recevoir nos actualit\u00e9s. Ces donn\u00e9es sont recueillies uniquement avec votre consentement.<\/li>\n<li><strong> Finalit\u00e9 de la collecte des donn\u00e9es<\/strong><br \/>\nLes donn\u00e9es collect\u00e9es sont utilis\u00e9es pour vous envoyer des informations sur nos nouvelles publications, actualit\u00e9s, et autres communications pertinentes concernant notre organisation.<\/li>\n<li><strong> Base l\u00e9gale du traitement<\/strong><br \/>\nLe traitement de vos donn\u00e9es personnelles est bas\u00e9 sur votre consentement, que vous pouvez retirer \u00e0 tout moment.<\/li>\n<li><strong> Vos droits<\/strong><br \/>\nConform\u00e9ment au RGPD, vous avez le droit d\u2019acc\u00e9der \u00e0 vos donn\u00e9es, de les rectifier, de demander leur suppression, ou de vous opposer \u00e0 leur traitement. Pour exercer ces droits, veuillez nous contacter \u00e0 l&#8217;adresse suivante : <a href=\"mailto:contact@actiontank.org\">contact@actiontank.org<\/a><\/li>\n<li><strong> Conservation des donn\u00e9es<\/strong><br \/>\nVos donn\u00e9es personnelles sont conserv\u00e9es aussi longtemps que n\u00e9cessaire pour les finalit\u00e9s pour lesquelles elles ont \u00e9t\u00e9 collect\u00e9es, ou jusqu\u2019\u00e0 ce que vous retiriez votre consentement.<\/li>\n<li><strong> S\u00e9curit\u00e9 des donn\u00e9es<\/strong><br \/>\nNous mettons en \u0153uvre des mesures techniques et organisationnelles appropri\u00e9es pour prot\u00e9ger vos donn\u00e9es personnelles contre toute perte, utilisation abusive, acc\u00e8s non autoris\u00e9, divulgation ou destruction. Nos serveurs sont localis\u00e9s en France.<\/li>\n<li><strong> Contact<\/strong><br \/>\nPour toute question ou demande concernant vos donn\u00e9es personnelles, vous pouvez nous contacter \u00e0 : <a href=\"mailto:contact@actiontank.org\">contact@actiontank.org<\/a><\/li>\n<\/ol>","protected":false},"excerpt":{"rendered":"<p>Conception du site : FreeStudio Ce site web est \u00e9dit\u00e9 par l\u2019association Action Tank Entreprise et Pauvret\u00e9. Directeur de la publication : Quiterie de Rorthays Donn\u00e9es personnelles Les informations que vous fournissez \u00e0 Action Tank Entreprise et Pauvret\u00e9 ne feront&#8230;<\/p>\n","protected":false},"author":2,"featured_media":0,"parent":0,"menu_order":0,"comment_status":"closed","ping_status":"closed","template":"","meta":{"_acf_changed":false,"footnotes":""},"acf":[],"_links":{"self":[{"href":"https:\/\/actiontank.org\/en\/wp-json\/wp\/v2\/pages\/1873"}],"collection":[{"href":"https:\/\/actiontank.org\/en\/wp-json\/wp\/v2\/pages"}],"about":[{"href":"https:\/\/actiontank.org\/en\/wp-json\/wp\/v2\/types\/page"}],"author":[{"embeddable":true,"href":"https:\/\/actiontank.org\/en\/wp-json\/wp\/v2\/users\/2"}],"replies":[{"embeddable":true,"href":"https:\/\/actiontank.org\/en\/wp-json\/wp\/v2\/comments?post=1873"}],"version-history":[{"count":14,"href":"https:\/\/actiontank.org\/en\/wp-json\/wp\/v2\/pages\/1873\/revisions"}],"predecessor-version":[{"id":5103,"href":"https:\/\/actiontank.org\/en\/wp-json\/wp\/v2\/pages\/1873\/revisions\/5103"}],"wp:attachment":[{"href":"https:\/\/actiontank.org\/en\/wp-json\/wp\/v2\/media?parent=1873"}],"curies":[{"name":"wp","href":"https:\/\/api.w.org\/{rel}","templated":true}]}}