{"id":1766,"date":"2013-08-20T14:12:00","date_gmt":"2013-08-20T13:12:00","guid":{"rendered":"https:\/\/actiontank.org\/?page_id=845"},"modified":"2016-07-22T11:24:02","modified_gmt":"2016-07-22T09:24:02","slug":"revue-de-presse","status":"publish","type":"page","link":"https:\/\/actiontank.org\/en\/publications\/revue-de-presse\/","title":{"rendered":"On parle de nous"},"content":{"rendered":"<p><\/p>\n<h2>Press review 2015<\/h2>\n<ul>\n<li>&#8220;<a href=\"https:\/\/hbr.org\/2015\/03\/reaching-the-rich-worlds-poorest-consumers?utm_campaign=Socialflow&amp;utm_source=Socialflow&amp;utm_medium=Tweet\">Reaching the rich world&#8217;s poorest consumers<\/a>&#8221; by Muhammad Yunus et alli &#8211; Harvard Business Review, March 2015<\/li>\n<\/ul>\n<h2>Press review 2014<\/h2>\n<ul>\n<li>&#8220;D\u00e9velopper autrement : Renault face au d\u00e9fi de la mobilit\u00e9 durable&#8221; &#8211; L&#8217;Express R\u00e9ussir, &#8220;Ces pionniers qui changent le monde&#8221;, num\u00e9ro sp\u00e9cial sept-octobre 2014 (in French)<\/li>\n<\/ul>\n<ul>\n<li><a href=\"http:\/\/www.la-croix.com\/Actualite\/Economie-Entreprises\/Economie\/Ces-entreprises-qui-veulent-jouer-un-role-dans-la-reduction-de-la-pauvrete-2014-07-28-1184788\">&#8220;Ces entreprises qui veulent jouer un r\u00f4le dans la r\u00e9duction de la pauvret\u00e9&#8221;<\/a> &#8211; La Croix &#8211; July, 28th, 2014, (in French)<\/li>\n<li><a href=\"http:\/\/www.imsentreprendre.com\/content\/entreprises-clients-pr-caires-en-france-tat-des-lieux-et-pistes-d-actions\">&#8220;Entreprises et clients pr\u00e9caires en France : \u00e9tat des lieux et pistes d&#8217;action&#8221;<\/a> &#8211;\u00a0 IMS-Entreprendre pour la cit\u00e9 report &#8211; May 2014 (in French)<\/li>\n<li><a href=\"http:\/\/videos.tf1.fr\/jt-20h\/2014\/business-social-les-entreprises-jouent-le-jeu-de-la-solidarite-8404118.html\">&#8220;Business social : les entreprises jouent le jeu de la solidarit\u00e9&#8221; <\/a>&#8211; Journal de 20H de TF1 &#8211; a video report about the Action Tank in the French news broadcast &#8211; TF1, April 2014 (in French)<\/li>\n<\/ul>\n<h2>Press review 2013<\/h2>\n<ul>\n<li><a href=\"http:\/\/www.franceinfo.fr\/societe\/un-monde-d-idees\/martin-hirsch-on-ne-prend-pas-la-pauvrete-par-le-bon-bout-1171843-2013-10-10\">Le Monde des Id\u00e9es &#8211; Martin Hirsch : &#8220;On ne prend pas la pauvret\u00e9 par le bon bout&#8221;<\/a> &#8211; France Info &#8211; October 2013<\/li>\n<li><a href=\"http:\/\/www.sudouest.fr\/2013\/04\/20\/feltesse-le-logeur-juppe-le-transporteur-1030328-710.php\" target=\"_blank\">&#8220;Co\u00fbt global du logement social \u00e0 Bordeaux&#8221;<\/a> &#8211; \u00a0Michel Monteil et Denis Lherm &#8211; Sud Ouest &#8211; April 2013<\/li>\n<li><a href=\"http:\/\/www.lexpress.fr\/emploi-carriere\/emploi\/business-et-pauvrete-un-defi-pour-les-entreprises_1217587.html\" target=\"_blank\">&#8220;Business et pauvret\u00e9 : un d\u00e9fi pour les entreprises&#8221;<\/a> \u2013 Isabelle Hennebelle &#8211; L&#8217;Express.fr &#8211; February\u00a0 2013<\/li>\n<\/ul>\n<h2>Press review 2012<\/h2>\n<ul>\n<li>En France, une &#8220;double peine&#8221; &#8211; Le Monde \u2013 March 2012<\/li>\n<li>&#8220;Des locataires ais\u00e9s en HLM\u00a0: le logement social subventionn\u00e9 \u00e0 tort\u00a0?&#8221; \u2013\u00a0 Nouvel Obs &#8211; July 2012<\/li>\n<li>&#8220;Besoins Sociaux \u2013 Nouveaux partenariats&#8221; \u2013 L\u2019EXPRESS Hors-S\u00e9rie Emploi \u2013 October 2012<br \/>\n&#8220;Il s&#8217;agit de revoir les mod\u00e8les \u00e9conomiques actuels pour \u00e9viter que la cr\u00e9ation de richesses ait comme effets secondaires ind\u00e9sirables pauvret\u00e9 et exclusion&#8221; &#8211; M.Hirsch<\/li>\n<\/ul>\n<ul>\n<li><a href=\"http:\/\/www.slate.fr\/story\/65923\/marketing-pauvrete-marques-business-social\">Les pauvres, un vaste march\u00e9 pour les entreprises<\/a>\u00a0\u2013 Slate.fr \u2013 December 2012<\/li>\n<li>&#8220;Pauvret\u00e9 en France \u2013 L\u2019urgence selon Martin Hirsch&#8221; \u2013 ELLE \u2013 December 2012<\/li>\n<\/ul>\n<h2><\/h2>\n<h2><\/h2>\n<p><\/p>","protected":false},"excerpt":{"rendered":"<p>Press review 2015 &#8220;Reaching the rich world&#8217;s poorest consumers&#8221; by Muhammad Yunus et alli &#8211; Harvard Business Review, March 2015 Press review 2014 &#8220;D\u00e9velopper autrement : Renault face au d\u00e9fi de la mobilit\u00e9 durable&#8221; &#8211; L&#8217;Express R\u00e9ussir, &#8220;Ces pionniers qui&#8230;<\/p>\n","protected":false},"author":2,"featured_media":0,"parent":1764,"menu_order":70,"comment_status":"open","ping_status":"open","template":"page-publications.php","meta":{"_acf_changed":false,"footnotes":""},"acf":[],"_links":{"self":[{"href":"https:\/\/actiontank.org\/en\/wp-json\/wp\/v2\/pages\/1766"}],"collection":[{"href":"https:\/\/actiontank.org\/en\/wp-json\/wp\/v2\/pages"}],"about":[{"href":"https:\/\/actiontank.org\/en\/wp-json\/wp\/v2\/types\/page"}],"author":[{"embeddable":true,"href":"https:\/\/actiontank.org\/en\/wp-json\/wp\/v2\/users\/2"}],"replies":[{"embeddable":true,"href":"https:\/\/actiontank.org\/en\/wp-json\/wp\/v2\/comments?post=1766"}],"version-history":[{"count":8,"href":"https:\/\/actiontank.org\/en\/wp-json\/wp\/v2\/pages\/1766\/revisions"}],"predecessor-version":[{"id":4167,"href":"https:\/\/actiontank.org\/en\/wp-json\/wp\/v2\/pages\/1766\/revisions\/4167"}],"up":[{"embeddable":true,"href":"https:\/\/actiontank.org\/en\/wp-json\/wp\/v2\/pages\/1764"}],"wp:attachment":[{"href":"https:\/\/actiontank.org\/en\/wp-json\/wp\/v2\/media?parent=1766"}],"curies":[{"name":"wp","href":"https:\/\/api.w.org\/{rel}","templated":true}]}}