{"id":1089,"date":"2014-09-22T15:21:32","date_gmt":"2014-09-22T14:21:32","guid":{"rendered":"https:\/\/actiontank.org\/?page_id=1089"},"modified":"2014-09-22T15:21:32","modified_gmt":"2014-09-22T14:21:32","slug":"pleniere-16-septembre-2014","status":"publish","type":"page","link":"https:\/\/actiontank.org\/en\/pleniere-16-septembre-2014\/","title":{"rendered":"Pl\u00e9ni\u00e8re 16 septembre 2014"},"content":{"rendered":"<h2 style=\"text-align: justify;\">Pr\u00e9sentation<\/h2>\n<p style=\"text-align: justify;\">La r\u00e9union pl\u00e9ni\u00e8re de l&#8217;Action Tank s&#8217;est tenue le mardi 16 septembre 2014 au si\u00e8ge de Bouygues SA \u00e0 Paris (8\u00e8) et a r\u00e9uni plus de 100 participants. Ce temps d&#8217;\u00e9changes avec les partenaires de l&#8217;association, lors de trois tables rondes th\u00e9matiques anim\u00e9e par Adrien de Tricornot, journaliste au &#8220;Monde&#8221;, a permis de revenir sur les quatre ann\u00e9es d&#8217;existence de l&#8217;Action Tank, et de dresser un panorama des projets en cours et \u00e0 venir ; cette rencontre f\u00fbt aussi l&#8217;occasion de la signature d&#8217;une convention de partenariat entre l&#8217;Action Tank et Total, en pr\u00e9sence de J\u00e9r\u00f4me Schmitt, Directeur du D\u00e9veloppement Durable de Total, et des co-pr\u00e9sidents de l&#8217;Action Tank, Martin Hirsch, Directeur G\u00e9n\u00e9ral de l&#8217;Assistance Publique-H\u00f4pitaux de Paris et Emmanuel Faber, Directeur g\u00e9n\u00e9ral de Danone SA.<\/p>\n<p style=\"text-align: center;\">Un \u00e9v\u00e8nement en partenariat avec<\/p>\n<p style=\"text-align: left;\"><img loading=\"lazy\" decoding=\"async\" class=\"size-full wp-image-1200 aligncenter\" alt=\"Logo Le Monde\" src=\"https:\/\/actiontank.org\/at-content\/uploads\/2014\/09\/Logo-Le-Monde.bmp\" width=\"144\" height=\"42\" srcset=\"https:\/\/actiontank.org\/at-content\/uploads\/2014\/09\/Logo-Le-Monde.bmp 975w, https:\/\/actiontank.org\/at-content\/uploads\/2014\/09\/Logo-Le-Monde-300x88.jpg 300w, https:\/\/actiontank.org\/at-content\/uploads\/2014\/09\/Logo-Le-Monde-768x224.jpg 768w\" sizes=\"(max-width: 144px) 100vw, 144px\" \/><\/p>\n<p><img loading=\"lazy\" decoding=\"async\" class=\"size-full wp-image-1136 alignnone\" alt=\"admin-ajax.php\" src=\"https:\/\/actiontank.org\/wp-content\/uploads\/2014\/09\/admin-ajax.php_.jpg\" width=\"213\" height=\"156\" \/><img loading=\"lazy\" decoding=\"async\" class=\"size-full wp-image-1139 alignnone\" alt=\"IMG_4058\" src=\"https:\/\/actiontank.org\/wp-content\/uploads\/2014\/09\/IMG_4058.jpg\" width=\"197\" height=\"157\" srcset=\"https:\/\/actiontank.org\/at-content\/uploads\/2014\/09\/IMG_4058.jpg 1906w, https:\/\/actiontank.org\/at-content\/uploads\/2014\/09\/IMG_4058-300x239.jpg 300w, https:\/\/actiontank.org\/at-content\/uploads\/2014\/09\/IMG_4058-1024x817.jpg 1024w, https:\/\/actiontank.org\/at-content\/uploads\/2014\/09\/IMG_4058-768x613.jpg 768w, https:\/\/actiontank.org\/at-content\/uploads\/2014\/09\/IMG_4058-1536x1226.jpg 1536w\" sizes=\"(max-width: 197px) 100vw, 197px\" \/><img loading=\"lazy\" decoding=\"async\" class=\"size-full wp-image-1137 alignleft\" alt=\"admin-ajax1.php\" src=\"https:\/\/actiontank.org\/wp-content\/uploads\/2014\/09\/admin-ajax1.php_.jpg\" width=\"210\" height=\"156\" srcset=\"https:\/\/actiontank.org\/at-content\/uploads\/2014\/09\/admin-ajax1.php_.jpg 400w, https:\/\/actiontank.org\/at-content\/uploads\/2014\/09\/admin-ajax1.php_-300x224.jpg 300w\" sizes=\"(max-width: 210px) 100vw, 210px\" \/><\/p>\n<p>&nbsp;<\/p>\n<p style=\"text-align: justify;\">&#8220;Deux id\u00e9es majeures ont pr\u00e9valu \u00e0 la cr\u00e9ation de l&#8217;Action Tank : d&#8217;abord celle de la fertilisation crois\u00e9e entre entreprises pour lutter contre la pauvret\u00e9. Ensuite, la volont\u00e9 d&#8217;aborder cette th\u00e9matique sous un angle sous lequel elle n&#8217;avait jamais \u00e9t\u00e9 abord\u00e9e auparavant, et de privil\u00e9gier un engagement dans la <em>reverse innovation<\/em>, dans l&#8217;expertise des entreprises orient\u00e9e dans un but d&#8217;utilit\u00e9 sociale, au coeur des activit\u00e9s de l&#8217;Action Tank&#8221; &#8211; Emmanuel Faber, Directeur g\u00e9n\u00e9ral de Danone SA, et Martin Hirsch, Directeur\u00a0 G\u00e9n\u00e9ral de l&#8217;AP-HP, Co-pr\u00e9sidents de l&#8217;Action Tank<\/p>\n<p style=\"text-align: justify;\">&#8220;L&#8217;Action Tank tient sa valeur ajout\u00e9e de trois grands principes : la cr\u00e9ativit\u00e9, dans le design de projets et les partenariats mis en place. Le pragmatisme, dans l&#8217;\u00e9laboration des exp\u00e9rimentations et dans l&#8217;appr\u00e9ciation des r\u00e9sultats obtenus. La n\u00e9cessit\u00e9 d&#8217;une ambition, d&#8217;une vision enfin : pour faire de la <em>reverse innovation<\/em>, mais aussi de l&#8217;<em>adverse innovation,<\/em> des entreprises vers les associations et les pouvoirs publics. C&#8217;est ce qui permettra aux exp\u00e9rimentations d&#8217;aujourd&#8217;hui, de devenir les pratiques de demain, qui seront les actifs d&#8217;apr\u00e8s-demain&#8221; &#8211; Jacques Berger, Directeur de l&#8217;Action Tank<\/p>\n<h2>\u00a0Table ronde 1 : les programmes de biens de consommation courante<\/h2>\n<p><img loading=\"lazy\" decoding=\"async\" class=\"size-full wp-image-1140 alignleft\" alt=\"IMG_4067\" src=\"https:\/\/actiontank.org\/wp-content\/uploads\/2014\/09\/IMG_4067.jpg\" width=\"183\" height=\"145\" \/><\/p>\n<p><img loading=\"lazy\" decoding=\"async\" class=\"size-full wp-image-1141 alignleft\" alt=\"IMG_4072\" src=\"https:\/\/actiontank.org\/wp-content\/uploads\/2014\/09\/IMG_4072.jpg\" width=\"240\" height=\"145\" \/><\/p>\n<p style=\"text-align: center;\"><img loading=\"lazy\" decoding=\"async\" class=\"size-full wp-image-1143 alignleft\" alt=\"IMG_4081\" src=\"https:\/\/actiontank.org\/wp-content\/uploads\/2014\/09\/IMG_4081.jpg\" width=\"181\" height=\"145\" srcset=\"https:\/\/actiontank.org\/at-content\/uploads\/2014\/09\/IMG_4081.jpg 2038w, https:\/\/actiontank.org\/at-content\/uploads\/2014\/09\/IMG_4081-300x240.jpg 300w, https:\/\/actiontank.org\/at-content\/uploads\/2014\/09\/IMG_4081-1024x818.jpg 1024w, https:\/\/actiontank.org\/at-content\/uploads\/2014\/09\/IMG_4081-768x614.jpg 768w, https:\/\/actiontank.org\/at-content\/uploads\/2014\/09\/IMG_4081-1536x1228.jpg 1536w\" sizes=\"(max-width: 181px) 100vw, 181px\" \/><\/p>\n<p>&nbsp;<\/p>\n<p>&nbsp;<\/p>\n<p>&nbsp;<\/p>\n<p>&nbsp;<\/p>\n<p>&nbsp;<\/p>\n<p style=\"text-align: justify;\">&#8220;Le programme Malin nous a aid\u00e9s \u00e0 construire un mod\u00e8le \u00e9conomique dans son ensemble, d&#8217;un genre nouveau, galvanisant pour toute l&#8217;entreprise. Le social business se diffuse par capillarit\u00e9 au sein de l&#8217;entreprise et appuie l&#8217;ensemble de sa strat\u00e9gie&#8221; &#8211; Val\u00e9rie Pietruszka, General Manager, Bl\u00e9dina<\/p>\n<p style=\"text-align: justify;\">&#8220;Optique Solidaire est une formidable fen\u00eatre d&#8217;\u00e9changes et d&#8217;exp\u00e9rimentations, une source d&#8217;inspiration pour s&#8217;inspirer sur de nouveaux terrains en France, une mani\u00e8re d&#8217;interpeller sur la probl\u00e9matique du &#8220;bien voir&#8221;. Tous les acteurs de l&#8217;\u00e9cosyst\u00e8me de l&#8217;optique se sont retrouv\u00e9s dans cette cause commune. D\u00e8s que l&#8217;on a trouv\u00e9 la cl\u00e9 d&#8217;un mode collaboratif efficace ne peuvent suivre que des r\u00e9ussites&#8221; &#8211; Ludovic Mathieu, Directeur G\u00e9n\u00e9ral d&#8217;Essilor France<\/p>\n<p style=\"text-align: justify;\">&#8220;Tous les programmes pr\u00e9sent\u00e9s lors de cette pl\u00e9ni\u00e8re convergent vers un objectif commun, celui de la non stigmatisation des publics auxquels ils s&#8217;adressent, qui est primordiale. C&#8217;est le but que nous poursuivons avec la plateforme L&#8217;Appui de la Banque Postale \u00e0 destination des client\u00e8les en situation de fragilit\u00e9 financi\u00e8re,\u00a0 en nous adossant \u00e0 des partenaires associatifs et \u00e0 l&#8217;Action Tank, dont la plateforme est prescriptrice des programmes de social business&#8221; &#8211; Mouna Aoun, Responsable Client\u00e8les et March\u00e9s Fragiles, La Banque Postale<\/p>\n<p style=\"text-align: justify;\"><img loading=\"lazy\" decoding=\"async\" class=\"size-full wp-image-1142\" alt=\"IMG_4080\" src=\"https:\/\/actiontank.org\/wp-content\/uploads\/2014\/09\/IMG_4080.jpg\" width=\"194\" height=\"169\" srcset=\"https:\/\/actiontank.org\/at-content\/uploads\/2014\/09\/IMG_4080.jpg 2147w, https:\/\/actiontank.org\/at-content\/uploads\/2014\/09\/IMG_4080-300x261.jpg 300w, https:\/\/actiontank.org\/at-content\/uploads\/2014\/09\/IMG_4080-1024x892.jpg 1024w, https:\/\/actiontank.org\/at-content\/uploads\/2014\/09\/IMG_4080-768x669.jpg 768w, https:\/\/actiontank.org\/at-content\/uploads\/2014\/09\/IMG_4080-1536x1339.jpg 1536w, https:\/\/actiontank.org\/at-content\/uploads\/2014\/09\/IMG_4080-2048x1785.jpg 2048w\" sizes=\"(max-width: 194px) 100vw, 194px\" \/>\u00a0\u00a0\u00a0\u00a0\u00a0 <img loading=\"lazy\" decoding=\"async\" class=\"size-full wp-image-1183 alignnone\" alt=\"IMG_4109\" src=\"https:\/\/actiontank.org\/wp-content\/uploads\/2014\/09\/IMG_41091.jpg\" width=\"162\" height=\"168\" \/><\/p>\n<p style=\"text-align: justify;\">&#8220;L&#8217;Action Tank a \u00e9t\u00e9 un extraordinaire soutien \u00e0 la fois technique, intellectuel, strat\u00e9gique, pour nous aider \u00e0 voir plus clair quant au d\u00e9veloppement de Mobiliz, mais aussi pour nous guider dans la bonne direction, et nous ouvrir \u00e0 de nouveaux sujets&#8221; &#8211; Fran\u00e7ois Rouvier, Directeur Social Business et Mobilit\u00e9 Durable, Renault<\/p>\n<p style=\"text-align: justify;\">&#8220;L&#8217;Action Tank est un catalyseur d&#8217;\u00e9nergies pour favoriser des dynamiques collaboratives. Et c&#8217;est gr\u00e2ce \u00e0 cet atout de l&#8217;association que nous avons pu nous retrouver avec Renault autour d&#8217;une cause commune: la mobilit\u00e9 comme un vecteur d&#8217;insertion professionnelle. La solution n&#8217;est pas simple, globale, ni ne d\u00e9pend uniquement de l&#8217;\u00e9conomique. Elle repose aussi sur l&#8217;intelligence collective, un levier que l&#8217;Action Tank promeut pour le d\u00e9veloppement de ses programmes&#8221; &#8211; Philippe Pacaud, Responsable Social Business et Pr\u00e9carit\u00e9 \u00e9nerg\u00e9tique, Total<\/p>\n<h2 style=\"text-align: left;\">Table ronde 2 : Les programmes sur le logement et la r\u00e9novation \u00e9nerg\u00e9tique<\/h2>\n<p style=\"text-align: left;\"><img loading=\"lazy\" decoding=\"async\" class=\"size-full wp-image-1151 alignnone\" alt=\"IMG_4117\" src=\"https:\/\/actiontank.org\/at-content\/uploads\/2014\/09\/IMG_4117.jpg\" width=\"176\" height=\"175\" srcset=\"https:\/\/actiontank.org\/at-content\/uploads\/2014\/09\/IMG_4117-150x150.jpg 150w, https:\/\/actiontank.org\/at-content\/uploads\/2014\/09\/IMG_4117-500x500.jpg 500w, https:\/\/actiontank.org\/at-content\/uploads\/2014\/09\/IMG_4117-80x80.jpg 80w, https:\/\/actiontank.org\/at-content\/uploads\/2014\/09\/IMG_4117-200x200.jpg 200w, https:\/\/actiontank.org\/at-content\/uploads\/2014\/09\/IMG_4117-300x300.jpg 300w\" sizes=\"(max-width: 176px) 100vw, 176px\" \/><img loading=\"lazy\" decoding=\"async\" class=\"size-full wp-image-1153 alignleft\" alt=\"IMG_4125\" src=\"https:\/\/actiontank.org\/at-content\/uploads\/2014\/09\/IMG_4125.jpg\" width=\"202\" height=\"176\" srcset=\"https:\/\/actiontank.org\/at-content\/uploads\/2014\/09\/IMG_4125.jpg 2049w, https:\/\/actiontank.org\/at-content\/uploads\/2014\/09\/IMG_4125-300x261.jpg 300w, https:\/\/actiontank.org\/at-content\/uploads\/2014\/09\/IMG_4125-1024x890.jpg 1024w, https:\/\/actiontank.org\/at-content\/uploads\/2014\/09\/IMG_4125-768x667.jpg 768w, https:\/\/actiontank.org\/at-content\/uploads\/2014\/09\/IMG_4125-1536x1334.jpg 1536w\" sizes=\"(max-width: 202px) 100vw, 202px\" \/><img loading=\"lazy\" decoding=\"async\" class=\"size-full wp-image-1152 alignleft\" alt=\"IMG_4122\" src=\"https:\/\/actiontank.org\/wp-content\/uploads\/2014\/09\/IMG_4122.jpg\" width=\"172\" height=\"175\" \/><\/p>\n<p style=\"text-align: justify;\">&#8220;Nous nous sommes rapproch\u00e9s de l&#8217;Action Tank car le logement fait partie de l&#8217;ADN de Bouygues : notre volont\u00e9 de nous engager dans le secteur du logement social correspond aussi \u00e0 la volont\u00e9 de l&#8217;ensemble de l&#8217;entreprise. La d\u00e9marche de co\u00fbt global de l&#8217;Action Tank nous a particuli\u00e8rement aid\u00e9s et inspir\u00e9s, dans le cadre d&#8217;un virage de la profession avec une sensibilisation \u00e0 de nouvelles th\u00e9matiques. Nous devons proposer une gamme de logements capable de r\u00e9pondre aux besoins de toutes les populations&#8221; &#8211; Jean-Christophe Perraud, Directeur G\u00e9n\u00e9ral D\u00e9l\u00e9gu\u00e9 aux March\u00e9s Publics, Bouygues B\u00e2timent Ile de France<\/p>\n<p style=\"text-align: justify;\">&#8220;L&#8217;Action Tank en collaborant avec nous, a bouscul\u00e9 nos certitudes dans le bon sens, et nous a convaincus, gr\u00e2ce \u00e0 sa d\u00e9marche sur le co\u00fbt global du logement, qu&#8217;il \u00e9tait possible de travailler sur une probl\u00e9matique \u00e0 lier notre strat\u00e9gie globale, en tant que bailleur social. Le social alli\u00e9 \u00e0 la compassion ne donnent pas de r\u00e9sultats probants, mais comprendre la compl\u00e9mentarit\u00e9 entre l&#8217;\u00e9conomique et le social pour s&#8217;adresser \u00e0 de nouvelles cat\u00e9gories de personnes touch\u00e9es par la pauvret\u00e9, comme les travailleurs pauvres, en donne beaucoup plus&#8221; &#8211; Marie-H\u00e9l\u00e8ne Foubet, Directrice de la Client\u00e8le et du Fonds Social,\u00a0 membre du directoire de SIA Habitat, Groupe SIA (59)<\/p>\n<p style=\"text-align: left;\"><img loading=\"lazy\" decoding=\"async\" class=\"size-full wp-image-1154\" alt=\"IMG_4127\" src=\"https:\/\/actiontank.org\/wp-content\/uploads\/2014\/09\/IMG_4127.jpg\" width=\"142\" height=\"169\" srcset=\"https:\/\/actiontank.org\/at-content\/uploads\/2014\/09\/IMG_4127.jpg 1542w, https:\/\/actiontank.org\/at-content\/uploads\/2014\/09\/IMG_4127-253x300.jpg 253w, https:\/\/actiontank.org\/at-content\/uploads\/2014\/09\/IMG_4127-864x1024.jpg 864w, https:\/\/actiontank.org\/at-content\/uploads\/2014\/09\/IMG_4127-768x910.jpg 768w, https:\/\/actiontank.org\/at-content\/uploads\/2014\/09\/IMG_4127-1296x1536.jpg 1296w, https:\/\/actiontank.org\/at-content\/uploads\/2014\/09\/IMG_4127-300x356.jpg 300w\" sizes=\"(max-width: 142px) 100vw, 142px\" \/><img loading=\"lazy\" decoding=\"async\" class=\"size-full wp-image-1155 alignleft\" alt=\"IMG_4132\" src=\"https:\/\/actiontank.org\/at-content\/uploads\/2014\/09\/IMG_4132.jpg\" width=\"352\" height=\"168\" \/><\/p>\n<p style=\"text-align: justify;\">&#8220;La pr\u00e9carit\u00e9 \u00e9nerg\u00e9tique n&#8217;est pas uniquement li\u00e9e au fait que les gens ne paient pas leurs factures mais aussi \u00e0 la r\u00e9duction drastique de leur consommation d&#8217;\u00e9nergie, par souci d&#8217;\u00e9conomie, d&#8217;o\u00f9 la n\u00e9cessit\u00e9 de faire rentrer dans notre r\u00e9flexion des questions comportementales, et c&#8217;est vers ces th\u00e9matiques que l&#8217;Action Tank nous a aid\u00e9s \u00e0 aller&#8221; &#8211; Jean-Marc Boulicaut, Chef de projet Responsabilit\u00e9 Sociale de l&#8217;Entreprise, EDF<\/p>\n<p style=\"text-align: justify;\">&#8220;Sans m\u00e9diation, sans aide pour une consommation plus ma\u00eetris\u00e9e, les gens ne peuvent pas s&#8217;en sortir, travail de m\u00e9diation qu&#8217;il faut suivre. Il est facile de d\u00e9cr\u00e9ter le &#8220;bien vivre&#8221; et des comportements vertueux sur la consommation d&#8217;\u00e9nergie. Aborder le comportement des consommateurs pauvres, mieux \u00e9tudier ces comportements pour influer sur des programmes de logement, de r\u00e9novation, c&#8217;est aussi envisager la pr\u00e9carit\u00e9 \u00e9nerg\u00e9tique sous plusieurs angles : l&#8217;\u00e9conomique, le business, le social&#8221; &#8211; Marie-H\u00e9l\u00e8ne Foubet, Directrice de la Client\u00e8le et du Fonds Social,\u00a0 membre du directoire de SIA Habitat, Groupe SIA (59)<\/p>\n<h2 style=\"text-align: left;\">Signature de la convention Total-Action Tank<\/h2>\n<h2><img loading=\"lazy\" decoding=\"async\" class=\"size-full wp-image-1149 alignnone\" alt=\"IMG_4108\" src=\"https:\/\/actiontank.org\/wp-content\/uploads\/2014\/09\/IMG_4108.jpg\" width=\"184\" height=\"211\" \/><img loading=\"lazy\" decoding=\"async\" class=\"size-full wp-image-1148 alignleft\" alt=\"IMG_4107\" src=\"https:\/\/actiontank.org\/at-content\/uploads\/2014\/09\/IMG_4107.jpg\" width=\"203\" height=\"211\" srcset=\"https:\/\/actiontank.org\/at-content\/uploads\/2014\/09\/IMG_4107.jpg 1668w, https:\/\/actiontank.org\/at-content\/uploads\/2014\/09\/IMG_4107-290x300.jpg 290w, https:\/\/actiontank.org\/at-content\/uploads\/2014\/09\/IMG_4107-991x1024.jpg 991w, https:\/\/actiontank.org\/at-content\/uploads\/2014\/09\/IMG_4107-768x793.jpg 768w, https:\/\/actiontank.org\/at-content\/uploads\/2014\/09\/IMG_4107-1487x1536.jpg 1487w, https:\/\/actiontank.org\/at-content\/uploads\/2014\/09\/IMG_4107-300x310.jpg 300w\" sizes=\"(max-width: 203px) 100vw, 203px\" \/><\/h2>\n<p style=\"text-align: justify;\">&#8220;La Direction du D\u00e9veloppement Durable de Total compte des acteurs du changement auxquels nous nous faisons un plaisir de nous associer, pour monter des projets ensemble, p\u00e9rennes et audacieux.&#8221; &#8211; Emmanuel Faber, Directeur g\u00e9n\u00e9ral de Danone SA, co-pr\u00e9sident de l&#8217;Action Tank<\/p>\n<p style=\"text-align: justify;\">&#8220;Beaucoup d&#8217;initiatives de social business sont d&#8217;abord parties de l&#8217;\u00e9tranger, des pays du Sud, pour arriver ensuite en France. Il est vrai qu&#8217;un gage de r\u00e9ussite de ces initiatives est celui de pouvoir travailler avec plusieurs entreprises qui innovent, avec des approches diff\u00e9rentes&#8221; &#8211; Martin Hirsch, Directeur g\u00e9n\u00e9ral de l&#8217;AP-HP, co-pr\u00e9sident de l&#8217;Action Tank<\/p>\n<p style=\"text-align: justify;\">&#8220;Le champ d&#8217;exp\u00e9rimentation de l&#8217;Action Tank se situe dans celui de l&#8217;acceptabilit\u00e9 sociale, encourage la cr\u00e9ation de valeur entre parties prenantes, valorise l&#8217;engagement, notions auxquelles nous sommes attach\u00e9es chez Total. Il s&#8217;agit d&#8217;un lieu extraordinaire pour que se rencontrent les entreprises autour de ces sujets&#8221; &#8211; J\u00e9r\u00f4me Schmitt, Directeur du D\u00e9veloppement Durable de Total<\/p>\n<h2>Table ronde 3 : L&#8217;assurance<\/h2>\n<p style=\"text-align: justify;\">L&#8217;Action Tank s&#8217;est int\u00e9ress\u00e9 \u00e0 l&#8217;assurance habitation d\u00e8s l&#8217;\u00e9tude du BCG sur la double peine de la pauvret\u00e9 en 2012. Cette \u00e9tude soulignait le co\u00fbt important de l&#8217;assurance multi-risques habitation et le co\u00fbt plus lourd qu&#8217;elle constitue pour les m\u00e9nages modestes.<\/p>\n<p style=\"text-align: justify;\">Ces m\u00e9nages sont face \u00e0 un double risque paradoxal : celui de la surassurance (poids proportionnellement plus lourd) ou de la d\u00e9sassurance (notamment dans le parc social). L&#8217;Action Tank a cherch\u00e9 \u00e0 identifier les co\u00fbts constituant l&#8217;assurance multi risques habitation, afin de pouvoir les r\u00e9duire. On peut distinguer trois grands postes : l&#8217;acquisition, la prime de risque, et les frais de gestion. Des leviers permettent de r\u00e9duire les co\u00fbts pour chacun de ces postes, essentiellement :<\/p>\n<ul>\n<li>en ciblant un public identifi\u00e9<\/li>\n<\/ul>\n<ul>\n<li>en lui proposant un produit simplifi\u00e9 et adapt\u00e9<\/li>\n<\/ul>\n<p style=\"text-align: justify;\">Ces deux leviers fondent l&#8217;exp\u00e9rimentation lanc\u00e9e par l&#8217;Action Tank en 2014. Le projet est n\u00e9 de la rencontre entre deux acteurs :<\/p>\n<ul style=\"text-align: justify;\">\n<li>Un expert en assurance, le MIIIR, Institut de recherche-action pour une \u00e9co-assurance, repr\u00e9sent\u00e9 par son secr\u00e9taire g\u00e9n\u00e9ral, Arnaud Boudesseul<\/li>\n<li>Plaine Commune Habitat, bailleur social qui est venu le premier saisir l&#8217;Action Tank de ce sujet, repr\u00e9sent\u00e9 par son Directeur G\u00e9n\u00e9ral, S\u00e9bastien Longin<\/li>\n<\/ul>\n<p style=\"text-align: justify;\">Ces deux acteurs m\u00e8nent conjointement avec l&#8217;Action Tank une exp\u00e9rimentation en plusieurs \u00e9tapes pour proposer une assurance multi-risques habitation adapt\u00e9e aux locataires de Plaine Commune Habitat :<\/p>\n<ul style=\"text-align: justify;\">\n<li>A partir d&#8217;une analyse statistique et de terrain<\/li>\n<li>En d\u00e9finissant un cahier des charges posant les caract\u00e9ristiques du produit: l&#8217;Action Tank sollicitera les assureurs qui \u00e9laboreront un produit, propos\u00e9 ensuite aux locataires<\/li>\n<\/ul>\n<p style=\"text-align: justify;\">La force de ce projet est d&#8217;apporter des b\u00e9n\u00e9fices \u00e0 toutes les parties prenantes : non seulement le locataire mais aussi le bailleur et l&#8217;assureur<\/p>\n<ul>\n<li style=\"text-align: justify;\">Le locataire \u00e0 qui on propose\u00a0 une meilleure assurance (mieux adapt\u00e9e) \u00e0 moindre co\u00fbt<\/li>\n<li style=\"text-align: justify;\">Le bailleur : des locataires mieux assur\u00e9s induisent moins de d\u00e9penses lors des sinistres<\/li>\n<li style=\"text-align: justify;\">L&#8217;assureur : de nouveaux clients et un gage d&#8217;innovation<\/li>\n<\/ul>\n<p><img loading=\"lazy\" decoding=\"async\" class=\"size-full wp-image-1157 alignleft\" alt=\"IMG_4141\" src=\"https:\/\/actiontank.org\/at-content\/uploads\/2014\/09\/IMG_4141.jpg\" width=\"297\" height=\"161\" srcset=\"https:\/\/actiontank.org\/at-content\/uploads\/2014\/09\/IMG_4141.jpg 2273w, https:\/\/actiontank.org\/at-content\/uploads\/2014\/09\/IMG_4141-300x162.jpg 300w, https:\/\/actiontank.org\/at-content\/uploads\/2014\/09\/IMG_4141-1024x553.jpg 1024w, https:\/\/actiontank.org\/at-content\/uploads\/2014\/09\/IMG_4141-768x415.jpg 768w, https:\/\/actiontank.org\/at-content\/uploads\/2014\/09\/IMG_4141-1536x830.jpg 1536w, https:\/\/actiontank.org\/at-content\/uploads\/2014\/09\/IMG_4141-2048x1106.jpg 2048w\" sizes=\"(max-width: 297px) 100vw, 297px\" \/><\/p>\n<p><img loading=\"lazy\" decoding=\"async\" class=\"size-full wp-image-1156 alignleft\" alt=\"IMG_4134\" src=\"https:\/\/actiontank.org\/wp-content\/uploads\/2014\/09\/IMG_4134.jpg\" width=\"187\" height=\"161\" \/><\/p>\n<p>&nbsp;<\/p>\n<p>&nbsp;<\/p>\n<p>&nbsp;<\/p>\n<p>&nbsp;<\/p>\n<p>&nbsp;<\/p>\n<p style=\"text-align: justify;\">&#8220;L&#8217;assurance est une probl\u00e9matique dans laquelle nous pouvons tous nous retrouver, et c&#8217;est en ce sens qu&#8217;elle nous para\u00eet attractive pour construire ensemble. Nous avons \u00e0 coeur \u00e0 travers cette collaboration gr\u00e2ce \u00e0 l&#8217;Action Tank, de proposer une nouvelle d\u00e9finition d&#8217;une assurance de bonne qualit\u00e9, \u00e0 prix mod\u00e9r\u00e9. Celle-ci ne serait pas une offre low cost, mais l&#8217;objectif serait surtout de red\u00e9finir la cha\u00eene de valeur de l&#8217;assurance&#8221; &#8211; Arnaud Boudesseul, secr\u00e9taire g\u00e9n\u00e9ral du MIIIR, et S\u00e9bastien Longin, Directeur g\u00e9n\u00e9ral de Plaine Commune Habitat<\/p>\n","protected":false},"excerpt":{"rendered":"<p>Pr\u00e9sentation La r\u00e9union pl\u00e9ni\u00e8re de l&#8217;Action Tank s&#8217;est tenue le mardi 16 septembre 2014 au si\u00e8ge de Bouygues SA \u00e0 Paris (8\u00e8) et a r\u00e9uni plus de 100 participants. Ce temps d&#8217;\u00e9changes avec les partenaires de l&#8217;association, lors de trois&#8230;<\/p>\n","protected":false},"author":2,"featured_media":1136,"parent":0,"menu_order":80,"comment_status":"open","ping_status":"open","template":"page-publications.php","meta":{"_acf_changed":false,"footnotes":""},"acf":[],"_links":{"self":[{"href":"https:\/\/actiontank.org\/en\/wp-json\/wp\/v2\/pages\/1089"}],"collection":[{"href":"https:\/\/actiontank.org\/en\/wp-json\/wp\/v2\/pages"}],"about":[{"href":"https:\/\/actiontank.org\/en\/wp-json\/wp\/v2\/types\/page"}],"author":[{"embeddable":true,"href":"https:\/\/actiontank.org\/en\/wp-json\/wp\/v2\/users\/2"}],"replies":[{"embeddable":true,"href":"https:\/\/actiontank.org\/en\/wp-json\/wp\/v2\/comments?post=1089"}],"version-history":[{"count":1,"href":"https:\/\/actiontank.org\/en\/wp-json\/wp\/v2\/pages\/1089\/revisions"}],"predecessor-version":[{"id":4166,"href":"https:\/\/actiontank.org\/en\/wp-json\/wp\/v2\/pages\/1089\/revisions\/4166"}],"wp:featuredmedia":[{"embeddable":true,"href":"https:\/\/actiontank.org\/en\/wp-json\/wp\/v2\/media\/1136"}],"wp:attachment":[{"href":"https:\/\/actiontank.org\/en\/wp-json\/wp\/v2\/media?parent=1089"}],"curies":[{"name":"wp","href":"https:\/\/api.w.org\/{rel}","templated":true}]}}